{"id":340,"date":"2021-02-17T17:43:18","date_gmt":"2021-02-17T16:43:18","guid":{"rendered":"https:\/\/liberez-vous.org\/?page_id=340"},"modified":"2022-06-22T10:01:10","modified_gmt":"2022-06-22T08:01:10","slug":"les-soins-energetiques","status":"publish","type":"page","link":"https:\/\/liberez-vous.org\/index.php\/les-soins-energetiques\/","title":{"rendered":"Les soins \u00e9nerg\u00e9tiques"},"content":{"rendered":"<p>[vc_row inner_container=\u00a0\u00bbno\u00a0\u00bb padding_top=\u00a0\u00bb0&Prime; padding_bottom=\u00a0\u00bb0&Prime; margin_top=\u00a0\u00bb0&Prime;][vc_column][rev_slider_vc alias=\u00a0\u00bbslider-accueil-1&Prime;][\/vc_column][\/vc_row][vc_row el_id=\u00a0\u00bbdoctors\u00a0\u00bb text_align=\u00a0\u00bbcenter\u00a0\u00bb type=\u00a0\u00bbimage\u00a0\u00bb padding_top=\u00a0\u00bb\u00a0\u00bb padding_bottom=\u00a0\u00bb\u00a0\u00bb][vc_column]<div  class=\"kleo-gap\" style=\"height:90px;line-height:90px;\"><\/div>[vc_custom_heading text=\u00a0\u00bbJe vous accompagne, adultes ou enfants&#8230;\u00a0\u00bb font_container=\u00a0\u00bbtag:h2|text_align:center|color:%237dcece\u00a0\u00bb use_theme_fonts=\u00a0\u00bbyes\u00a0\u00bb]<div  class=\"kleo-gap\" style=\"height:50px;line-height:50px;\"><\/div>[\/vc_column][vc_column width=\u00a0\u00bb1\/2&Prime; offset=\u00a0\u00bbvc_col-lg-3 vc_col-md-3 vc_col-xs-12&Prime;][vc_custom_heading text=\u00a0\u00bbProbl\u00e8mes physiques\u00a0\u00bb font_container=\u00a0\u00bbtag:h3|font_size:20px|text_align:center|color:%237dcece|line_height:20px\u00a0\u00bb google_fonts=\u00a0\u00bbfont_family:Ubuntu%3A300%2C300italic%2Cregular%2Citalic%2C500%2C500italic%2C700%2C700italic|font_style:400%20regular%3A400%3Anormal\u00a0\u00bb el_class=\u00a0\u00bbletter-spacing-75&Prime; css=\u00a0\u00bb.vc_custom_1613585052360{margin-bottom: 0px !important;padding-bottom: 0px !important;}\u00a0\u00bb][vc_column_text]<\/p>\n<blockquote>\n<p style=\"text-align: left;\">Soulagement des douleurs, spasmes, troubles digestifs.<\/p>\n<p style=\"text-align: left;\">Probl\u00e8mes de peau (ecz\u00e9ma, acn\u00e9, &#8230;), zona, verrue, reflux gastrique, extraction des vers, &#8230;<\/p>\n<p style=\"text-align: left;\">Br\u00fblures (le feu, les produits chimiques, la radioth\u00e9rapie) &#8230;.<\/p>\n<\/blockquote>\n<p>[\/vc_column_text]<div  class=\"kleo-gap\" style=\"height:8px;line-height:8px;\"><\/div>[\/vc_column][vc_column width=\u00a0\u00bb1\/2&Prime; offset=\u00a0\u00bbvc_col-lg-3 vc_col-md-3 vc_col-xs-12&Prime;][vc_custom_heading text=\u00a0\u00bbTroubles psychologiques\u00a0\u00bb font_container=\u00a0\u00bbtag:h3|font_size:20px|text_align:center|color:%237dcece|line_height:20px\u00a0\u00bb google_fonts=\u00a0\u00bbfont_family:Ubuntu%3A300%2C300italic%2Cregular%2Citalic%2C500%2C500italic%2C700%2C700italic|font_style:400%20regular%3A400%3Anormal\u00a0\u00bb el_class=\u00a0\u00bbletter-spacing-75&Prime; css=\u00a0\u00bb.vc_custom_1613585197874{margin-bottom: 0px !important;padding-bottom: 0px !important;}\u00a0\u00bb][vc_column_text]<\/p>\n<blockquote>\n<p style=\"text-align: left;\">Un \u00e9tat de mal-\u00eatre, un stress, une angoisse, trouble du sommeil, un choc \u00e9motionnel, d\u00e9pression, une phobie, un probl\u00e8me de concentration, une difficult\u00e9 de m\u00e9morisation, un manque de confiance en soi, un blocage, relaxation, l\u00e2cher prise,&#8230; .<\/p>\n<p style=\"text-align: left;\">Accompagnement \u00e0 l&rsquo;arr\u00eat du tabac.<\/p>\n<p style=\"text-align: left;\">Accompagnement \u00e0 la perte de poids.<\/p>\n<\/blockquote>\n<p>[\/vc_column_text]<div  class=\"kleo-gap\" style=\"height:8px;line-height:8px;\"><\/div>[\/vc_column][vc_column width=\u00a0\u00bb1\/2&Prime; offset=\u00a0\u00bbvc_col-lg-3 vc_col-md-3 vc_col-xs-12&Prime;][vc_custom_heading text=\u00a0\u00bbPr\u00e9vention des maladies\u00a0\u00bb font_container=\u00a0\u00bbtag:h3|font_size:20px|text_align:center|color:%237dcece|line_height:20px\u00a0\u00bb google_fonts=\u00a0\u00bbfont_family:Ubuntu%3A300%2C300italic%2Cregular%2Citalic%2C500%2C500italic%2C700%2C700italic|font_style:400%20regular%3A400%3Anormal\u00a0\u00bb el_class=\u00a0\u00bbletter-spacing-75&Prime; css=\u00a0\u00bb.vc_custom_1613585217446{margin-bottom: 0px !important;padding-bottom: 0px !important;}\u00a0\u00bb][vc_column_text]<\/p>\n<blockquote>\n<p style=\"text-align: left;\">Renforcement des d\u00e9fenses immunitaires.<br \/>\nLorsque notre \u00e9nergie circule harmonieusement dans notre organisme, la maladie ne trouve pas les \u00e9l\u00e9ments favorables \u00e0 son d\u00e9veloppement.<\/p>\n<\/blockquote>\n<p>[\/vc_column_text]<div  class=\"kleo-gap\" style=\"height:8px;line-height:8px;\"><\/div>[\/vc_column][vc_column width=\u00a0\u00bb1\/2&Prime; offset=\u00a0\u00bbvc_col-lg-3 vc_col-md-3 vc_col-xs-12&Prime;][vc_custom_heading text=\u00a0\u00bbRechercher une \u00e9volution personnelle\u00a0\u00bb font_container=\u00a0\u00bbtag:h3|font_size:20px|text_align:center|color:%237dcece|line_height:20px\u00a0\u00bb google_fonts=\u00a0\u00bbfont_family:Ubuntu%3A300%2C300italic%2Cregular%2Citalic%2C500%2C500italic%2C700%2C700italic|font_style:400%20regular%3A400%3Anormal\u00a0\u00bb el_class=\u00a0\u00bbletter-spacing-75&Prime; css=\u00a0\u00bb.vc_custom_1613585237043{margin-bottom: 0px !important;padding-bottom: 0px !important;}\u00a0\u00bb][vc_column_text]<\/p>\n<blockquote>\n<p style=\"text-align: left;\">Certaines techniques peuvent permettre une \u00e9volution plus rapide, d\u00e9couvrir son chemin de vie, d\u00e9passer ses limites, d\u00e9couvrir son potentiel, faciliter ses relations, stabiliser ses \u00e9motions, concr\u00e9tiser ses projets, reconna\u00eetre ses forces, retrouver harmonie et douceur de vivre&#8230;<\/p>\n<\/blockquote>\n<p>[\/vc_column_text]<div  class=\"kleo-gap\" style=\"height:8px;line-height:8px;\"><\/div>[\/vc_column][\/vc_row][vc_row el_id=\u00a0\u00bbdoctors\u00a0\u00bb text_align=\u00a0\u00bbcenter\u00a0\u00bb type=\u00a0\u00bbimage\u00a0\u00bb padding_top=\u00a0\u00bb\u00a0\u00bb padding_bottom=\u00a0\u00bb\u00a0\u00bb][vc_column width=\u00a0\u00bb1\/3&Prime;]<div  class=\"kleo-gap hidden-xs hidden-sm\" style=\"height:30px;line-height:30px;\"><\/div>[vc_single_image image=\u00a0\u00bb705&Prime; img_size=\u00a0\u00bb150&#215;150&Prime; alignment=\u00a0\u00bbcenter\u00a0\u00bb style=\u00a0\u00bbvc_box_circle_2&Prime; onclick=\u00a0\u00bbcustom_link\u00a0\u00bb img_link_target=\u00a0\u00bb_blank\u00a0\u00bb animation=\u00a0\u00bbanimate-when-almost-visible\u00a0\u00bb css_animation=\u00a0\u00bbel-appear\u00a0\u00bb visibility=\u00a0\u00bbhidden-md,hidden-lg,hidden-xlg\u00a0\u00bb link=\u00a0\u00bb#\u00a0\u00bb][vc_single_image image=\u00a0\u00bb705&Prime; img_size=\u00a0\u00bb250&#215;250&Prime; alignment=\u00a0\u00bbcenter\u00a0\u00bb style=\u00a0\u00bbvc_box_circle_2&Prime; onclick=\u00a0\u00bbcustom_link\u00a0\u00bb img_link_target=\u00a0\u00bb_blank\u00a0\u00bb animation=\u00a0\u00bbanimate-when-almost-visible\u00a0\u00bb css_animation=\u00a0\u00bbel-appear\u00a0\u00bb visibility=\u00a0\u00bbhidden-xs,hidden-sm\u00a0\u00bb link=\u00a0\u00bb#\u00a0\u00bb][\/vc_column][vc_column width=\u00a0\u00bb2\/3&Prime;][vc_custom_heading text=\u00a0\u00bbLes soins \u00e9nerg\u00e9tiques\u00a0\u00bb font_container=\u00a0\u00bbtag:h2|text_align:left|color:%237dcece\u00a0\u00bb use_theme_fonts=\u00a0\u00bbyes\u00a0\u00bb][vc_column_text]<\/p>\n<p style=\"text-align: left;\">Le fluide \u00e9nerg\u00e9tique transmis par l\u2019imposition de mes mains va corriger le dysfonctionnement organique, psychique et \u00e9motionnel, renforcer et restructurer les \u00e9nergies pour amener l\u2019organisme \u00e0 s\u2019auto-gu\u00e9rir.<\/p>\n<p style=\"text-align: left;\">Le traitement est en g\u00e9n\u00e9ral assez court : 3 \u00e0 5 s\u00e9ances. N\u00e9anmoins, certains cas chroniques ou plus prononc\u00e9s demandent un traitement plus long. Le nombre de s\u00e9ances varie en fonction de vos ressentis et de vos besoins.<\/p>\n<p style=\"text-align: left;\">Les soins \u00e9nerg\u00e9tiques se placent en parfaite compl\u00e9mentarit\u00e9 des m\u00e9decines conventionnelles et naturelles.<\/p>\n<p>[\/vc_column_text]<div  class=\"kleo-gap\" style=\"height:90px;line-height:90px;\"><\/div>[\/vc_column][\/vc_row][vc_row padding_top=\u00a0\u00bb0&Prime; padding_bottom=\u00a0\u00bb0&Prime;][vc_column]<div  class=\"kleo-gap\" style=\"height:10px;line-height:10px;\"><\/div>[\/vc_column][\/vc_row][vc_row el_id=\u00a0\u00bbqui\u00a0\u00bb padding_top=\u00a0\u00bb0&Prime; padding_bottom=\u00a0\u00bb0&Prime;][vc_column width=\u00a0\u00bb1\/3&Prime; offset=\u00a0\u00bbvc_col-lg-4 vc_col-md-4 vc_col-xs-12&Prime;][vc_column_text font_size=\u00a0\u00bb15px\u00a0\u00bb css=\u00a0\u00bb.vc_custom_1613584696775{margin-bottom: 0px !important;}\u00a0\u00bb]<\/p>\n<blockquote><p>\u00ab\u00a0Vous ne pouvez \u00eatre que ce que vous \u00eates. D\u00e9tendez-vous ! L&rsquo;existence a besoin de vous tel que vous \u00eates.\u00a0\u00bb<\/p>\n<p>&nbsp;<\/p>\n<p>Osho Rajneesh<\/p><\/blockquote>\n<p>[\/vc_column_text][\/vc_column][vc_column width=\u00a0\u00bb2\/3&Prime; offset=\u00a0\u00bbvc_col-lg-8 vc_col-md-8 vc_col-xs-12&Prime;][vc_custom_heading text=\u00a0\u00bbLe magn\u00e9tisme\u00a0\u00bb font_container=\u00a0\u00bbtag:h4|font_size:24px|text_align:left|color:%23fe104c|line_height:36px\u00a0\u00bb google_fonts=\u00a0\u00bbfont_family:Ubuntu%3A300%2C300italic%2Cregular%2Citalic%2C500%2C500italic%2C700%2C700italic|font_style:400%20regular%3A400%3Anormal\u00a0\u00bb][vc_column_text font_size=\u00a0\u00bb15px\u00a0\u00bb css=\u00a0\u00bb.vc_custom_1614000190188{margin-bottom: 0px !important;}\u00a0\u00bb]Le magn\u00e9tisme repose sur le fait que tout \u00eatre humain, comme toute mati\u00e8re qui nous entoure, contient de l\u2019\u00e9nergie.<br \/>\nAinsi, chacun des Hommes peuplant la plan\u00e8te serait donc v\u00e9hicule d\u2019\u00e9nergie. Pour qu\u2019un individu soit en bonne sant\u00e9, autrement dit que l\u2019organisme humain fonctionne bien, cette \u00e9nergie doit circuler correctement.<br \/>\nLes magn\u00e9tiseurs sont des personnes qui seraient en mesure de soulager les maux par l&rsquo;utilisation de cette \u00e9nergie. Son r\u00f4le est d\u2019avoir une action sur le corps \u00e9nerg\u00e9tique de son client.[\/vc_column_text]<div  class=\"kleo-gap\" style=\"height:10px;line-height:10px;\"><\/div>[vc_column_text font_size=\u00a0\u00bb15px\u00a0\u00bb css=\u00a0\u00bb.vc_custom_1614000296977{margin-bottom: 0px !important;}\u00a0\u00bb]En 1950, le Pr Desrobert parlait du magn\u00e9tisme comme \u00ab un agent physique d\u2019une esp\u00e8ce particuli\u00e8re, source de vie des organes et des cellules. Il peut \u00eatre transmis \u00e0 ceux qui sont malades par l\u2019interm\u00e9diaire d\u2019un magn\u00e9tiseur qui en est surcharg\u00e9. Le fluide passant au travers de ses doigts et de ses mains, p\u00e9n\u00e8tre dans l\u2019organisme du malade tout comme p\u00e9n\u00e8tre le courant \u00e9lectrique, les rayons X, les radiations lumineuses et les ultrasons \u00bb.<\/p>\n<p>Le magn\u00e9tisme permet de gu\u00e9rir aussi bien le corps que l\u2019esprit en insufflant une \u00e9nergie nouvelle \u00e0 la personne afin qu\u2019il puisse s\u2019auto-gu\u00e9rir. Je me consid\u00e8re avant tout comme un canal d\u2019\u00e9nergie. Je transmets l\u2019\u00e9nergie \u00e0 l\u2019autre afin de le soulager.<\/p>\n<blockquote><p>ATTENTION : Le magn\u00e9tisme ne peut en aucun cas remplacer la m\u00e9decine conventionnelle. N\u2019arr\u00eatez jamais un traitement m\u00e9dical en cours, l\u2019\u00e9nergie compl\u00e9mente, ne remplace pas ! Cette pratique est d\u00e9conseill\u00e9e aux personnes porteuses de pacemaker ou d&rsquo;appareils auditifs.<\/p><\/blockquote>\n<p>Nous sommes tous magn\u00e9tiseurs ! Nous avons tous ce type de capacit\u00e9s ! Plus vous allez pratiquer et plus vous allez augmenter votre magn\u00e9tisme. Je pense qu&rsquo;assumer cette facult\u00e9 est le premier pas d&rsquo;une pratique sinc\u00e8re et efficace.<\/p>\n<p>Notre corps est constitu\u00e9 d\u2019un corps physique et d\u2019un corps \u00e9nerg\u00e9tique. On parle des m\u00e9ridiens en MTC (m\u00e9decine traditionnelle chinoise), c\u2019est la circulation de l\u2019\u00e9nergie dans notre corps, donc des canaux d\u2019\u00e9nergie.[\/vc_column_text]<div  class=\"kleo-gap\" style=\"height:90px;line-height:90px;\"><\/div>[\/vc_column][\/vc_row][vc_row el_id=\u00a0\u00bbdoctors\u00a0\u00bb text_align=\u00a0\u00bbcenter\u00a0\u00bb type=\u00a0\u00bbimage\u00a0\u00bb padding_top=\u00a0\u00bb\u00a0\u00bb padding_bottom=\u00a0\u00bb\u00a0\u00bb][vc_column][vc_custom_heading text=\u00a0\u00bbA noter qu&rsquo;il m&rsquo;est \u00e9galement possible d&rsquo;intervenir lors de s\u00e9ances \u00e0 distance,<br \/>\nsur photo et rendez-vous t\u00e9l\u00e9phonique.\u00a0\u00bb font_container=\u00a0\u00bbtag:h2|text_align:center|color:%237dcece\u00a0\u00bb use_theme_fonts=\u00a0\u00bbyes\u00a0\u00bb]<div  class=\"kleo-gap\" style=\"height:50px;line-height:50px;\"><\/div>[\/vc_column][\/vc_row][vc_row inner_container=\u00a0\u00bbno\u00a0\u00bb padding_top=\u00a0\u00bb0&Prime; padding_bottom=\u00a0\u00bb0&Prime;][vc_column]<div  class=\"kleo-gap\" style=\"height:40px;line-height:40px;\"><\/div>[vc_single_image image=\u00a0\u00bb382&Prime; img_size=\u00a0\u00bbfull\u00a0\u00bb full_width=\u00a0\u00bbyes\u00a0\u00bb][\/vc_column][\/vc_row]<\/p>\n","protected":false},"excerpt":{"rendered":"<p>[vc_row inner_container=\u00a0\u00bbno\u00a0\u00bb padding_top=\u00a0\u00bb0&Prime; padding_bottom=\u00a0\u00bb0&Prime; margin_top=\u00a0\u00bb0&Prime;][vc_column][rev_slider_vc alias=\u00a0\u00bbslider-accueil-1&Prime;][\/vc_column][\/vc_row][vc_row el_id=\u00a0\u00bbdoctors\u00a0\u00bb text_align=\u00a0\u00bbcenter\u00a0\u00bb type=\u00a0\u00bbimage\u00a0\u00bb padding_top=\u00a0\u00bb\u00a0\u00bb padding_bottom=\u00a0\u00bb\u00a0\u00bb][vc_column][vc_custom_heading text=\u00a0\u00bbJe vous accompagne, adultes ou enfants&#8230;\u00a0\u00bb font_container=\u00a0\u00bbtag:h2|text_align:center|color:%237dcece\u00a0\u00bb use_theme_fonts=\u00a0\u00bbyes\u00a0\u00bb][\/vc_column][vc_column width=\u00a0\u00bb1\/2&Prime; offset=\u00a0\u00bbvc_col-lg-3 vc_col-md-3 vc_col-xs-12&Prime;][vc_custom_heading text=\u00a0\u00bbProbl\u00e8mes physiques\u00a0\u00bb font_container=\u00a0\u00bbtag:h3|font_size:20px|text_align:center|color:%237dcece|line_height:20px\u00a0\u00bb google_fonts=\u00a0\u00bbfont_family:Ubuntu%3A300%2C300italic%2Cregular%2Citalic%2C500%2C500italic%2C700%2C700italic|font_style:400%20regular%3A400%3Anormal\u00a0\u00bb el_class=\u00a0\u00bbletter-spacing-75&Prime; css=\u00a0\u00bb.vc_custom_1613585052360{margin-bottom: 0px !important;padding-bottom: 0px !important;}\u00a0\u00bb][vc_column_text] Soulagement des douleurs, spasmes, troubles digestifs. Probl\u00e8mes de peau (ecz\u00e9ma, acn\u00e9, &#8230;), zona, verrue, reflux gastrique, extraction des vers, &#8230; Br\u00fblures (le feu, les produits chimiques, la [&hellip;]<\/p>\n","protected":false},"author":1,"featured_media":0,"parent":0,"menu_order":0,"comment_status":"closed","ping_status":"closed","template":"page-templates\/full-width.php","meta":[],"_links":{"self":[{"href":"https:\/\/liberez-vous.org\/index.php\/wp-json\/wp\/v2\/pages\/340"}],"collection":[{"href":"https:\/\/liberez-vous.org\/index.php\/wp-json\/wp\/v2\/pages"}],"about":[{"href":"https:\/\/liberez-vous.org\/index.php\/wp-json\/wp\/v2\/types\/page"}],"author":[{"embeddable":true,"href":"https:\/\/liberez-vous.org\/index.php\/wp-json\/wp\/v2\/users\/1"}],"replies":[{"embeddable":true,"href":"https:\/\/liberez-vous.org\/index.php\/wp-json\/wp\/v2\/comments?post=340"}],"version-history":[{"count":71,"href":"https:\/\/liberez-vous.org\/index.php\/wp-json\/wp\/v2\/pages\/340\/revisions"}],"predecessor-version":[{"id":710,"href":"https:\/\/liberez-vous.org\/index.php\/wp-json\/wp\/v2\/pages\/340\/revisions\/710"}],"wp:attachment":[{"href":"https:\/\/liberez-vous.org\/index.php\/wp-json\/wp\/v2\/media?parent=340"}],"curies":[{"name":"wp","href":"https:\/\/api.w.org\/{rel}","templated":true}]}}