{"id":337,"date":"2021-02-17T17:42:04","date_gmt":"2021-02-17T16:42:04","guid":{"rendered":"https:\/\/liberez-vous.org\/?page_id=337"},"modified":"2023-03-22T14:53:06","modified_gmt":"2023-03-22T13:53:06","slug":"tarifs","status":"publish","type":"page","link":"https:\/\/liberez-vous.org\/index.php\/tarifs\/","title":{"rendered":"Tarifs"},"content":{"rendered":"<p>[vc_row inner_container=\u00a0\u00bbno\u00a0\u00bb padding_top=\u00a0\u00bb0&Prime; padding_bottom=\u00a0\u00bb0&Prime; margin_top=\u00a0\u00bb0&Prime;][vc_column][rev_slider_vc alias=\u00a0\u00bbslider-soins-1&Prime;][\/vc_column][\/vc_row][vc_row el_id=\u00a0\u00bbdoctors\u00a0\u00bb text_align=\u00a0\u00bbcenter\u00a0\u00bb padding_top=\u00a0\u00bb\u00a0\u00bb padding_bottom=\u00a0\u00bb\u00a0\u00bb][vc_column]<div  class=\"kleo-gap\" style=\"height:150px;line-height:150px;\"><\/div>[\/vc_column][\/vc_row][vc_row el_id=\u00a0\u00bbdoctors\u00a0\u00bb text_align=\u00a0\u00bbcenter\u00a0\u00bb padding_top=\u00a0\u00bb\u00a0\u00bb padding_bottom=\u00a0\u00bb\u00a0\u00bb][vc_column width=\u00a0\u00bb1\/4&Prime;][vc_custom_heading text=\u00a0\u00bbS\u00e9ance adulte\u00a0\u00bb font_container=\u00a0\u00bbtag:h1|font_size:40px|text_align:center|color:%23727272|line_height:40px\u00a0\u00bb google_fonts=\u00a0\u00bbfont_family:Dancing%20Script%3Aregular%2C700|font_style:400%20regular%3A400%3Anormal\u00a0\u00bb][vc_custom_heading text=\u00a0\u00bb70 \u20ac\u00a0\u00bb font_container=\u00a0\u00bbtag:h2|font_size:30px|text_align:center|color:%237dcece|line_height:30px\u00a0\u00bb google_fonts=\u00a0\u00bbfont_family:Ubuntu%3A300%2C300italic%2Cregular%2Citalic%2C500%2C500italic%2C700%2C700italic|font_style:500%20bold%20regular%3A500%3Anormal\u00a0\u00bb el_class=\u00a0\u00bbletter-spacing-75&Prime; css=\u00a0\u00bb.vc_custom_1637687288945{margin-bottom: 0px !important;padding-bottom: 0px !important;}\u00a0\u00bb][vc_column_text]<\/p>\n<p style=\"text-align: left;\">Une s\u00e9ance d&rsquo;1h30 \u00e0 2h qui d\u00e9bute par un temps d&rsquo;\u00e9change ; l&rsquo;\u00e9coute et la discussion \u00e9tant essentielles.<\/p>\n<p style=\"text-align: left;\">C&rsquo;est ensuite le moment de la s\u00e9ance \u00e9nerg\u00e9tique.\u00a0 Sur table, elle se d\u00e9roule dans une atmosph\u00e8re relaxante.<\/p>\n<p style=\"text-align: left;\">Pour cl\u00f4turer la s\u00e9ance, nous \u00ab\u00a0d\u00e9briefons\u00a0\u00bb sur nos ressentis respectifs, les changements observ\u00e9s, et la suite du traitement s&rsquo;il a lieu d&rsquo;\u00eatre.<\/p>\n<p>[\/vc_column_text]<div  class=\"kleo-gap\" style=\"height:8px;line-height:8px;\"><\/div>[\/vc_column][vc_column width=\u00a0\u00bb1\/4&Prime;][vc_custom_heading text=\u00a0\u00bbS\u00e9ance enfant\u00a0\u00bb font_container=\u00a0\u00bbtag:h1|font_size:40px|text_align:center|color:%23727272|line_height:40px\u00a0\u00bb google_fonts=\u00a0\u00bbfont_family:Dancing%20Script%3Aregular%2C700|font_style:400%20regular%3A400%3Anormal\u00a0\u00bb][vc_custom_heading text=\u00a0\u00bb40 \u20ac\u00a0\u00bb font_container=\u00a0\u00bbtag:h2|font_size:30px|text_align:center|color:%237dcece|line_height:30px\u00a0\u00bb google_fonts=\u00a0\u00bbfont_family:Ubuntu%3A300%2C300italic%2Cregular%2Citalic%2C500%2C500italic%2C700%2C700italic|font_style:500%20bold%20regular%3A500%3Anormal\u00a0\u00bb el_class=\u00a0\u00bbletter-spacing-75&Prime; css=\u00a0\u00bb.vc_custom_1637687294491{margin-bottom: 0px !important;padding-bottom: 0px !important;}\u00a0\u00bb][vc_column_text]<\/p>\n<p style=\"text-align: left;\">La s\u00e9ance enfant suit le m\u00eame d\u00e9roul\u00e9 que la s\u00e9ance adulte, mais sera plus courte, environ 1h.<\/p>\n<p>[\/vc_column_text]<div  class=\"kleo-gap\" style=\"height:8px;line-height:8px;\"><\/div>[\/vc_column][vc_column width=\u00a0\u00bb1\/4&Prime;][vc_custom_heading text=\u00a0\u00bbVoyance par t\u00e9l\u00e9phone\u00a0\u00bb font_container=\u00a0\u00bbtag:h1|font_size:40px|text_align:center|color:%23727272|line_height:40px\u00a0\u00bb google_fonts=\u00a0\u00bbfont_family:Dancing%20Script%3Aregular%2C700|font_style:400%20regular%3A400%3Anormal\u00a0\u00bb][vc_custom_heading text=\u00a0\u00bb40 \u20ac\u00a0\u00bb font_container=\u00a0\u00bbtag:h2|font_size:24px|text_align:center|color:%237dcece|line_height:30px\u00a0\u00bb google_fonts=\u00a0\u00bbfont_family:Ubuntu%3A300%2C300italic%2Cregular%2Citalic%2C500%2C500italic%2C700%2C700italic|font_style:500%20bold%20regular%3A500%3Anormal\u00a0\u00bb el_class=\u00a0\u00bbletter-spacing-75&Prime; css=\u00a0\u00bb.vc_custom_1679493141415{margin-bottom: 0px !important;padding-bottom: 0px !important;}\u00a0\u00bb][vc_column_text]<\/p>\n<p style=\"text-align: left;\">\u00c9change t\u00e9l\u00e9phonique de vos question importante pour vous pour vous permettre d&rsquo;avancer ou de vous \u00e9clairer dans la prise de vos d\u00e9cisions.<\/p>\n<p>[\/vc_column_text]<div  class=\"kleo-gap\" style=\"height:8px;line-height:8px;\"><\/div>[\/vc_column][vc_column width=\u00a0\u00bb1\/4&Prime;][vc_custom_heading text=\u00a0\u00bbNettoyage de maison\u00a0\u00bb font_container=\u00a0\u00bbtag:h1|font_size:40px|text_align:center|color:%23727272|line_height:40px\u00a0\u00bb google_fonts=\u00a0\u00bbfont_family:Dancing%20Script%3Aregular%2C700|font_style:400%20regular%3A400%3Anormal\u00a0\u00bb][vc_custom_heading text=\u00a0\u00bb150 \u20ac\u00a0\u00bb font_container=\u00a0\u00bbtag:h2|font_size:24px|text_align:center|color:%237dcece|line_height:30px\u00a0\u00bb google_fonts=\u00a0\u00bbfont_family:Ubuntu%3A300%2C300italic%2Cregular%2Citalic%2C500%2C500italic%2C700%2C700italic|font_style:500%20bold%20regular%3A500%3Anormal\u00a0\u00bb el_class=\u00a0\u00bbletter-spacing-75&Prime; css=\u00a0\u00bb.vc_custom_1679493184455{margin-bottom: 0px !important;padding-bottom: 0px !important;}\u00a0\u00bb][\/vc_column][\/vc_row][vc_row el_id=\u00a0\u00bbdoctors\u00a0\u00bb text_align=\u00a0\u00bbcenter\u00a0\u00bb padding_top=\u00a0\u00bb\u00a0\u00bb padding_bottom=\u00a0\u00bb\u00a0\u00bb][vc_column]<div  class=\"kleo-gap\" style=\"height:150px;line-height:150px;\"><\/div>[\/vc_column][\/vc_row][vc_row el_id=\u00a0\u00bbdoctors\u00a0\u00bb disable_element=\u00a0\u00bbyes\u00a0\u00bb text_align=\u00a0\u00bbcenter\u00a0\u00bb padding_top=\u00a0\u00bb\u00a0\u00bb padding_bottom=\u00a0\u00bb\u00a0\u00bb][vc_column]<div  class=\"kleo-gap\" style=\"height:60px;line-height:60px;\"><\/div>[\/vc_column][vc_column width=\u00a0\u00bb1\/2&Prime; offset=\u00a0\u00bbvc_col-lg-3 vc_col-md-3 vc_col-xs-12&Prime;][vc_custom_heading text=\u00a0\u00bbS\u00e9ance adulte\u00a0\u00bb font_container=\u00a0\u00bbtag:h1|font_size:40px|text_align:center|color:%23727272|line_height:40px\u00a0\u00bb google_fonts=\u00a0\u00bbfont_family:Dancing%20Script%3Aregular%2C700|font_style:400%20regular%3A400%3Anormal\u00a0\u00bb][vc_custom_heading text=\u00a0\u00bb70 \u20ac\u00a0\u00bb font_container=\u00a0\u00bbtag:h2|font_size:30px|text_align:center|color:%237dcece|line_height:30px\u00a0\u00bb google_fonts=\u00a0\u00bbfont_family:Ubuntu%3A300%2C300italic%2Cregular%2Citalic%2C500%2C500italic%2C700%2C700italic|font_style:500%20bold%20regular%3A500%3Anormal\u00a0\u00bb el_class=\u00a0\u00bbletter-spacing-75&Prime; css=\u00a0\u00bb.vc_custom_1637687288945{margin-bottom: 0px !important;padding-bottom: 0px !important;}\u00a0\u00bb][vc_column_text]<\/p>\n<p style=\"text-align: left;\">Une s\u00e9ance d&rsquo;1h30 \u00e0 2h qui d\u00e9bute par un temps d&rsquo;\u00e9change ; l&rsquo;\u00e9coute et la discussion \u00e9tant essentielles.<\/p>\n<p style=\"text-align: left;\">C&rsquo;est ensuite le moment de la s\u00e9ance \u00e9nerg\u00e9tique.\u00a0 Sur table, elle se d\u00e9roule dans une atmosph\u00e8re relaxante.<\/p>\n<p style=\"text-align: left;\">Pour cl\u00f4turer la s\u00e9ance, nous \u00ab\u00a0d\u00e9briefons\u00a0\u00bb sur nos ressentis respectifs, les changements observ\u00e9s, et la suite du traitement s&rsquo;il a lieu d&rsquo;\u00eatre.<\/p>\n<p>[\/vc_column_text]<div  class=\"kleo-gap\" style=\"height:8px;line-height:8px;\"><\/div>[\/vc_column][vc_column width=\u00a0\u00bb1\/2&Prime; offset=\u00a0\u00bbvc_col-lg-3 vc_col-md-3 vc_col-xs-12&Prime;][vc_custom_heading text=\u00a0\u00bbS\u00e9ance enfant\u00a0\u00bb font_container=\u00a0\u00bbtag:h1|font_size:40px|text_align:center|color:%23727272|line_height:40px\u00a0\u00bb google_fonts=\u00a0\u00bbfont_family:Dancing%20Script%3Aregular%2C700|font_style:400%20regular%3A400%3Anormal\u00a0\u00bb][vc_custom_heading text=\u00a0\u00bb40 \u20ac\u00a0\u00bb font_container=\u00a0\u00bbtag:h2|font_size:30px|text_align:center|color:%237dcece|line_height:30px\u00a0\u00bb google_fonts=\u00a0\u00bbfont_family:Ubuntu%3A300%2C300italic%2Cregular%2Citalic%2C500%2C500italic%2C700%2C700italic|font_style:500%20bold%20regular%3A500%3Anormal\u00a0\u00bb el_class=\u00a0\u00bbletter-spacing-75&Prime; css=\u00a0\u00bb.vc_custom_1637687294491{margin-bottom: 0px !important;padding-bottom: 0px !important;}\u00a0\u00bb][vc_column_text]<\/p>\n<p style=\"text-align: left;\">La s\u00e9ance enfant suit le m\u00eame d\u00e9roul\u00e9 que la s\u00e9ance adulte, mais sera plus courte, environ 1h.<\/p>\n<p>[\/vc_column_text]<div  class=\"kleo-gap\" style=\"height:8px;line-height:8px;\"><\/div>[\/vc_column][vc_column width=\u00a0\u00bb1\/2&Prime; offset=\u00a0\u00bbvc_col-lg-3 vc_col-md-3 vc_col-xs-12&Prime;][vc_custom_heading text=\u00a0\u00bbForfait 4 s\u00e9ances\u00a0\u00bb font_container=\u00a0\u00bbtag:h1|font_size:40px|text_align:center|color:%23727272|line_height:40px\u00a0\u00bb google_fonts=\u00a0\u00bbfont_family:Dancing%20Script%3Aregular%2C700|font_style:400%20regular%3A400%3Anormal\u00a0\u00bb][vc_custom_heading text=\u00a0\u00bb170 \u20ac\u00a0\u00bb font_container=\u00a0\u00bbtag:h2|font_size:30px|text_align:center|color:%237dcece|line_height:30px\u00a0\u00bb google_fonts=\u00a0\u00bbfont_family:Ubuntu%3A300%2C300italic%2Cregular%2Citalic%2C500%2C500italic%2C700%2C700italic|font_style:500%20bold%20regular%3A500%3Anormal\u00a0\u00bb el_class=\u00a0\u00bbletter-spacing-75&Prime; css=\u00a0\u00bb.vc_custom_1613581185152{margin-bottom: 0px !important;padding-bottom: 0px !important;}\u00a0\u00bb][vc_column_text]<\/p>\n<p style=\"text-align: left;\">Le forfait de 4 s\u00e9ances est particuli\u00e8rement recommand\u00e9 pour un traitement \u00e9nerg\u00e9tique.<\/p>\n<p style=\"text-align: left;\">Le travail sera r\u00e9alis\u00e9 au plus profond et permettra \u00e0 l&rsquo;\u00e9nergie, entre les s\u00e9ances, de continuer \u00e0 travailler, et ainsi de se r\u00e9aliser, de construire, de soulager, de nettoyer, de vous lib\u00e9rer.<\/p>\n<p>[\/vc_column_text]<div  class=\"kleo-gap\" style=\"height:8px;line-height:8px;\"><\/div>[\/vc_column][vc_column width=\u00a0\u00bb1\/2&Prime; offset=\u00a0\u00bbvc_col-lg-3 vc_col-md-3 vc_col-xs-12&Prime;][vc_custom_heading text=\u00a0\u00bbFormation\u00a0\u00bb font_container=\u00a0\u00bbtag:h1|font_size:40px|text_align:center|color:%23727272|line_height:40px\u00a0\u00bb google_fonts=\u00a0\u00bbfont_family:Dancing%20Script%3Aregular%2C700|font_style:400%20regular%3A400%3Anormal\u00a0\u00bb][vc_custom_heading text=\u00a0\u00bbsur mesure\u00a0\u00bb font_container=\u00a0\u00bbtag:h2|font_size:24px|text_align:center|color:%237dcece|line_height:30px\u00a0\u00bb google_fonts=\u00a0\u00bbfont_family:Ubuntu%3A300%2C300italic%2Cregular%2Citalic%2C500%2C500italic%2C700%2C700italic|font_style:500%20bold%20regular%3A500%3Anormal\u00a0\u00bb el_class=\u00a0\u00bbletter-spacing-75&Prime; css=\u00a0\u00bb.vc_custom_1613581348360{margin-bottom: 0px !important;padding-bottom: 0px !important;}\u00a0\u00bb][vc_column_text]<\/p>\n<p style=\"text-align: left;\">Savez-vous que nous poss\u00e9dons tous une puissante facult\u00e9 \u00e9nerg\u00e9tique, magn\u00e9tique. .. Il suffit de savoir l&rsquo;utiliser !<\/p>\n<p style=\"text-align: left;\">D\u00e9couvrez, apprenez, ressentez comment utiliser votre magn\u00e9tisme, votre \u00e9nergie, et prenez soin de votre sant\u00e9 et de celle de votre entourage.<\/p>\n<p style=\"text-align: left;\">Si vous souhaitez apprendre \u00e0 d\u00e9velopper votre magn\u00e9tisme, ou simplement en apprendre davantage sur l&rsquo;\u00e9nergie,\u00a0 contactez-moi, et parlez moi de votre projet !<\/p>\n<p>[\/vc_column_text]<div  class=\"kleo-gap\" style=\"height:8px;line-height:8px;\"><\/div>[\/vc_column][\/vc_row]<\/p>\n","protected":false},"excerpt":{"rendered":"<p>[vc_row inner_container=\u00a0\u00bbno\u00a0\u00bb padding_top=\u00a0\u00bb0&Prime; padding_bottom=\u00a0\u00bb0&Prime; margin_top=\u00a0\u00bb0&Prime;][vc_column][rev_slider_vc alias=\u00a0\u00bbslider-soins-1&Prime;][\/vc_column][\/vc_row][vc_row el_id=\u00a0\u00bbdoctors\u00a0\u00bb text_align=\u00a0\u00bbcenter\u00a0\u00bb padding_top=\u00a0\u00bb\u00a0\u00bb padding_bottom=\u00a0\u00bb\u00a0\u00bb][vc_column][\/vc_column][\/vc_row][vc_row el_id=\u00a0\u00bbdoctors\u00a0\u00bb text_align=\u00a0\u00bbcenter\u00a0\u00bb padding_top=\u00a0\u00bb\u00a0\u00bb padding_bottom=\u00a0\u00bb\u00a0\u00bb][vc_column width=\u00a0\u00bb1\/4&Prime;][vc_custom_heading text=\u00a0\u00bbS\u00e9ance adulte\u00a0\u00bb font_container=\u00a0\u00bbtag:h1|font_size:40px|text_align:center|color:%23727272|line_height:40px\u00a0\u00bb google_fonts=\u00a0\u00bbfont_family:Dancing%20Script%3Aregular%2C700|font_style:400%20regular%3A400%3Anormal\u00a0\u00bb][vc_custom_heading text=\u00a0\u00bb70 \u20ac\u00a0\u00bb font_container=\u00a0\u00bbtag:h2|font_size:30px|text_align:center|color:%237dcece|line_height:30px\u00a0\u00bb google_fonts=\u00a0\u00bbfont_family:Ubuntu%3A300%2C300italic%2Cregular%2Citalic%2C500%2C500italic%2C700%2C700italic|font_style:500%20bold%20regular%3A500%3Anormal\u00a0\u00bb el_class=\u00a0\u00bbletter-spacing-75&Prime; css=\u00a0\u00bb.vc_custom_1637687288945{margin-bottom: 0px !important;padding-bottom: 0px !important;}\u00a0\u00bb][vc_column_text] Une s\u00e9ance d&rsquo;1h30 \u00e0 2h qui d\u00e9bute par un temps d&rsquo;\u00e9change ; l&rsquo;\u00e9coute et la discussion \u00e9tant essentielles. C&rsquo;est ensuite le moment de la s\u00e9ance \u00e9nerg\u00e9tique.\u00a0 Sur table, elle se d\u00e9roule [&hellip;]<\/p>\n","protected":false},"author":1,"featured_media":0,"parent":0,"menu_order":0,"comment_status":"closed","ping_status":"closed","template":"page-templates\/full-width.php","meta":[],"_links":{"self":[{"href":"https:\/\/liberez-vous.org\/index.php\/wp-json\/wp\/v2\/pages\/337"}],"collection":[{"href":"https:\/\/liberez-vous.org\/index.php\/wp-json\/wp\/v2\/pages"}],"about":[{"href":"https:\/\/liberez-vous.org\/index.php\/wp-json\/wp\/v2\/types\/page"}],"author":[{"embeddable":true,"href":"https:\/\/liberez-vous.org\/index.php\/wp-json\/wp\/v2\/users\/1"}],"replies":[{"embeddable":true,"href":"https:\/\/liberez-vous.org\/index.php\/wp-json\/wp\/v2\/comments?post=337"}],"version-history":[{"count":44,"href":"https:\/\/liberez-vous.org\/index.php\/wp-json\/wp\/v2\/pages\/337\/revisions"}],"predecessor-version":[{"id":720,"href":"https:\/\/liberez-vous.org\/index.php\/wp-json\/wp\/v2\/pages\/337\/revisions\/720"}],"wp:attachment":[{"href":"https:\/\/liberez-vous.org\/index.php\/wp-json\/wp\/v2\/media?parent=337"}],"curies":[{"name":"wp","href":"https:\/\/api.w.org\/{rel}","templated":true}]}}